{"id":993,"date":"2025-02-06T15:32:04","date_gmt":"2025-02-06T20:32:04","guid":{"rendered":"https:\/\/dmcc-series.com\/round-5\/"},"modified":"2026-01-15T14:54:38","modified_gmt":"2026-01-15T19:54:38","slug":"round-5","status":"publish","type":"page","link":"https:\/\/dmcc-series.com\/en\/round-5\/","title":{"rendered":"Round 5"},"content":{"rendered":"\t\t<div data-elementor-type=\"wp-page\" data-elementor-id=\"993\" class=\"elementor elementor-993 elementor-137\" data-elementor-post-type=\"page\">\n\t\t\t\t<div class=\"elementor-element elementor-element-5807da79 e-con-full e-flex e-con e-parent\" data-id=\"5807da79\" data-element_type=\"container\" data-e-type=\"container\" data-settings=\"{&quot;background_background&quot;:&quot;classic&quot;}\">\n\t\t<div class=\"elementor-element elementor-element-562823d0 e-flex e-con-boxed e-con e-child\" data-id=\"562823d0\" data-element_type=\"container\" data-e-type=\"container\" data-settings=\"{&quot;background_background&quot;:&quot;classic&quot;}\">\n\t\t\t\t\t<div class=\"e-con-inner\">\n\t\t\t\t<div class=\"elementor-element elementor-element-369ae147 elementor-widget elementor-widget-heading\" data-id=\"369ae147\" data-element_type=\"widget\" data-e-type=\"widget\" data-widget_type=\"heading.default\">\n\t\t\t\t\t<h1 class=\"elementor-heading-title elementor-size-default\">Round 5<\/h1>\t\t\t\t<\/div>\n\t\t\t\t<div class=\"elementor-element elementor-element-5aee2119 elementor-widget elementor-widget-heading\" data-id=\"5aee2119\" data-element_type=\"widget\" data-e-type=\"widget\" data-widget_type=\"heading.default\">\n\t\t\t\t\t<h3 class=\"elementor-heading-title elementor-size-default\">pro &amp; pro-am<\/h3>\t\t\t\t<\/div>\n\t\t\t\t\t<\/div>\n\t\t\t\t<\/div>\n\t\t\t\t<\/div>\n\t\t<div class=\"elementor-element elementor-element-71f6f691 e-flex e-con-boxed e-con e-parent\" data-id=\"71f6f691\" data-element_type=\"container\" data-e-type=\"container\">\n\t\t\t\t\t<div class=\"e-con-inner\">\n\t\t<div class=\"elementor-element elementor-element-145ede24 e-con-full e-flex e-con e-child\" data-id=\"145ede24\" data-element_type=\"container\" data-e-type=\"container\" data-settings=\"{&quot;background_background&quot;:&quot;classic&quot;}\">\n\t\t<div class=\"elementor-element elementor-element-e486cf9 e-con-full e-flex e-con e-child\" data-id=\"e486cf9\" data-element_type=\"container\" data-e-type=\"container\" data-settings=\"{&quot;background_background&quot;:&quot;classic&quot;}\">\n\t\t\t\t<div class=\"elementor-element elementor-element-26ec1ac elementor-widget__width-inherit elementor-widget elementor-widget-heading\" data-id=\"26ec1ac\" data-element_type=\"widget\" data-e-type=\"widget\" data-widget_type=\"heading.default\">\n\t\t\t\t\t<h3 class=\"elementor-heading-title elementor-size-default\">Icar Route 66 - driftpark<\/h3>\t\t\t\t<\/div>\n\t\t\t\t<div class=\"elementor-element elementor-element-0de4fd9 elementor-widget__width-inherit elementor-widget elementor-widget-heading\" data-id=\"0de4fd9\" data-element_type=\"widget\" data-e-type=\"widget\" data-widget_type=\"heading.default\">\n\t\t\t\t\t<h5 class=\"elementor-heading-title elementor-size-default\">september 5 - mirabel<\/h5>\t\t\t\t<\/div>\n\t\t<div class=\"elementor-element elementor-element-1b783c6 e-con-full e-flex e-con e-child\" data-id=\"1b783c6\" data-element_type=\"container\" data-e-type=\"container\" data-settings=\"{&quot;background_background&quot;:&quot;classic&quot;}\">\n\t\t\t\t<div class=\"elementor-element elementor-element-c4ad27a elementor-widget elementor-widget-heading\" data-id=\"c4ad27a\" data-element_type=\"widget\" data-e-type=\"widget\" data-widget_type=\"heading.default\">\n\t\t\t\t\t<h5 class=\"elementor-heading-title elementor-size-default\">presale rate - end august 31<\/h5>\t\t\t\t<\/div>\n\t\t\t\t<div class=\"elementor-element elementor-element-988f748 elementor-widget elementor-widget-heading\" data-id=\"988f748\" data-element_type=\"widget\" data-e-type=\"widget\" data-widget_type=\"heading.default\">\n\t\t\t\t\t<h6 class=\"elementor-heading-title elementor-size-default\">($39.13 + tx)<\/h6>\t\t\t\t<\/div>\n\t\t\t\t<div class=\"elementor-element elementor-element-e23c397 elementor-widget elementor-widget-heading\" data-id=\"e23c397\" data-element_type=\"widget\" data-e-type=\"widget\" data-widget_type=\"heading.default\">\n\t\t\t\t\t<h1 class=\"elementor-heading-title elementor-size-default\">45$<\/h1>\t\t\t\t<\/div>\n\t\t\t\t<\/div>\n\t\t<div class=\"elementor-element elementor-element-ab7e17a e-con-full e-flex e-con e-child\" data-id=\"ab7e17a\" data-element_type=\"container\" data-e-type=\"container\" data-settings=\"{&quot;background_background&quot;:&quot;classic&quot;}\">\n\t\t\t\t<div class=\"elementor-element elementor-element-3e317ee elementor-widget elementor-widget-heading\" data-id=\"3e317ee\" data-element_type=\"widget\" data-e-type=\"widget\" data-widget_type=\"heading.default\">\n\t\t\t\t\t<h5 class=\"elementor-heading-title elementor-size-default\">regular &amp; door prices<\/h5>\t\t\t\t<\/div>\n\t\t\t\t<div class=\"elementor-element elementor-element-e07f66e elementor-widget elementor-widget-heading\" data-id=\"e07f66e\" data-element_type=\"widget\" data-e-type=\"widget\" data-widget_type=\"heading.default\">\n\t\t\t\t\t<h6 class=\"elementor-heading-title elementor-size-default\">($48.84 + tx)<\/h6>\t\t\t\t<\/div>\n\t\t\t\t<div class=\"elementor-element elementor-element-93b22c9 elementor-widget elementor-widget-heading\" data-id=\"93b22c9\" data-element_type=\"widget\" data-e-type=\"widget\" data-widget_type=\"heading.default\">\n\t\t\t\t\t<h1 class=\"elementor-heading-title elementor-size-default\">55$<\/h1>\t\t\t\t<\/div>\n\t\t\t\t<\/div>\n\t\t<div class=\"elementor-element elementor-element-5d94445 e-con-full e-flex e-con e-child\" data-id=\"5d94445\" data-element_type=\"container\" data-e-type=\"container\" data-settings=\"{&quot;background_background&quot;:&quot;classic&quot;}\">\n\t\t\t\t<div class=\"elementor-element elementor-element-38eedbe elementor-align-justify elementor-widget elementor-widget-button\" data-id=\"38eedbe\" data-element_type=\"widget\" data-e-type=\"widget\" data-widget_type=\"button.default\">\n\t\t\t\t\t\t\t\t\t\t<a class=\"elementor-button elementor-button-link elementor-size-sm\" href=\"https:\/\/lepointdevente.com\/billets\/dmcc2026rd5?lang=fr\">\n\t\t\t\t\t\t<span class=\"elementor-button-content-wrapper\">\n\t\t\t\t\t\t\t\t\t<span class=\"elementor-button-text\">ticket here<\/span>\n\t\t\t\t\t<\/span>\n\t\t\t\t\t<\/a>\n\t\t\t\t\t\t\t\t<\/div>\n\t\t\t\t<div class=\"elementor-element elementor-element-f3b9952 elementor-widget elementor-widget-heading\" data-id=\"f3b9952\" data-element_type=\"widget\" data-e-type=\"widget\" data-widget_type=\"heading.default\">\n\t\t\t\t\t<h5 class=\"elementor-heading-title elementor-size-default\">12 and under free<\/h5>\t\t\t\t<\/div>\n\t\t\t\t<div class=\"elementor-element elementor-element-df03202 elementor-widget elementor-widget-heading\" data-id=\"df03202\" data-element_type=\"widget\" data-e-type=\"widget\" data-widget_type=\"heading.default\">\n\t\t\t\t\t<p class=\"elementor-heading-title elementor-size-default\">Limited number of discount tickets.<\/p>\t\t\t\t<\/div>\n\t\t\t\t<\/div>\n\t\t\t\t<\/div>\n\t\t\t\t<\/div>\n\t\t<div class=\"elementor-element elementor-element-25112d13 e-con-full e-flex e-con e-child\" data-id=\"25112d13\" data-element_type=\"container\" data-e-type=\"container\">\n\t\t\t\t<div class=\"elementor-element elementor-element-3cbfa800 elementor-widget elementor-widget-text-editor\" data-id=\"3cbfa800\" data-element_type=\"widget\" data-e-type=\"widget\" data-widget_type=\"text-editor.default\">\n\t\t\t\t\t\t\t\t\t<p>The icar complex hosts the DMCC series finale on its driftpark circuit.<\/p><p>On site:<\/p><ul><li>Show &amp; Shine<\/li><li>Food Truck<\/li><li>kiosks<\/li><li>Parking<\/li><li>Campsite<\/li><\/ul>\t\t\t\t\t\t\t\t<\/div>\n\t\t\t\t<\/div>\n\t\t\t\t\t<\/div>\n\t\t\t\t<\/div>\n\t\t<div class=\"elementor-element elementor-element-2253de72 e-flex e-con-boxed e-con e-parent\" data-id=\"2253de72\" data-element_type=\"container\" data-e-type=\"container\" data-settings=\"{&quot;background_background&quot;:&quot;classic&quot;}\">\n\t\t\t\t\t<div class=\"e-con-inner\">\n\t\t\t\t<div class=\"elementor-element elementor-element-615df206 elementor-widget elementor-widget-heading\" data-id=\"615df206\" data-element_type=\"widget\" data-e-type=\"widget\" data-widget_type=\"heading.default\">\n\t\t\t\t\t<h1 class=\"elementor-heading-title elementor-size-default\">Schedule<\/h1>\t\t\t\t<\/div>\n\t\t\t\t\t<\/div>\n\t\t\t\t<\/div>\n\t\t<div class=\"elementor-element elementor-element-658331b8 e-flex e-con-boxed e-con e-parent\" data-id=\"658331b8\" data-element_type=\"container\" data-e-type=\"container\" data-settings=\"{&quot;background_background&quot;:&quot;classic&quot;}\">\n\t\t\t\t\t<div class=\"e-con-inner\">\n\t\t\t\t<div class=\"elementor-element elementor-element-7df7facd elementor-widget elementor-widget-heading\" data-id=\"7df7facd\" data-element_type=\"widget\" data-e-type=\"widget\" data-widget_type=\"heading.default\">\n\t\t\t\t\t<h1 class=\"elementor-heading-title elementor-size-default\">direction<\/h1>\t\t\t\t<\/div>\n\t\t\t\t<div class=\"elementor-element elementor-element-47423ccb elementor-widget elementor-widget-google_maps\" data-id=\"47423ccb\" data-element_type=\"widget\" data-e-type=\"widget\" data-widget_type=\"google_maps.default\">\n\t\t\t\t\t\t\t<div class=\"elementor-custom-embed\">\n\t\t\t<iframe loading=\"lazy\"\n\t\t\t\t\tsrc=\"https:\/\/maps.google.com\/maps?q=12800%20Boul%20Henri-Fabre%2C%20Mirabel%2C%20Quebec%20J7N%203C6&#038;t=m&#038;z=10&#038;output=embed&#038;iwloc=near\"\n\t\t\t\t\ttitle=\"12800 Boul Henri-Fabre, Mirabel, Quebec J7N 3C6\"\n\t\t\t\t\taria-label=\"12800 Boul Henri-Fabre, Mirabel, Quebec J7N 3C6\"\n\t\t\t><\/iframe>\n\t\t<\/div>\n\t\t\t\t\t\t<\/div>\n\t\t\t\t\t<\/div>\n\t\t\t\t<\/div>\n\t\t\t\t<\/div>\n\t\t","protected":false},"excerpt":{"rendered":"<p>pro &amp; pro-am Icar Route 66 &#8211; driftpark september 5 &#8211; mirabel presale rate &#8211; end august 31 ($39.13 + tx) 45$ regular &amp; door prices ($48.84 + tx) 55$ ticket here 12 and under free Limited number of discount tickets. The icar complex hosts the DMCC series finale on its driftpark circuit. On site: [&hellip;]<\/p>\n","protected":false},"author":233903676,"featured_media":2692,"parent":0,"menu_order":0,"comment_status":"closed","ping_status":"closed","template":"","meta":{"_acf_changed":false,"_crdt_document":"","advanced_seo_description":"","jetpack_seo_html_title":"","jetpack_seo_noindex":false,"footnotes":""},"class_list":["post-993","page","type-page","status-publish","has-post-thumbnail","hentry"],"acf":[],"jetpack_likes_enabled":true,"jetpack_sharing_enabled":true,"jetpack_shortlink":"https:\/\/wp.me\/Pgl5nb-g1","jetpack-related-posts":[{"id":137,"url":"https:\/\/dmcc-series.com\/round-5\/","url_meta":{"origin":993,"position":0},"title":"Round 5","author":"C\u00e9dric Mallette","date":"February 6, 2025","format":false,"excerpt":"pro & pro-am Icar Route 66 - driftpark 5 septembre - mirabel tarif pr\u00e9vente - fin 31 ao\u00fbt (39.13$ + tx) 45$ tarif r\u00e9gulier & \u00e0 la porte (48.84$ + tx) 55$ billet ici 12 ans et moins gratuit Quantit\u00e9 limit\u00e9e de billets en rabais. Le complexe icar accueil la\u2026","rel":"","context":"Similar post","block_context":{"text":"Similar post","link":""},"img":{"alt_text":"","src":"https:\/\/i0.wp.com\/dmcc-series.com\/wp-content\/uploads\/2026\/01\/cover_event_rd5-copy-1-e1768504920638.jpg?fit=1200%2C628&ssl=1&resize=350%2C200","width":350,"height":200,"srcset":"https:\/\/i0.wp.com\/dmcc-series.com\/wp-content\/uploads\/2026\/01\/cover_event_rd5-copy-1-e1768504920638.jpg?fit=1200%2C628&ssl=1&resize=350%2C200 1x, https:\/\/i0.wp.com\/dmcc-series.com\/wp-content\/uploads\/2026\/01\/cover_event_rd5-copy-1-e1768504920638.jpg?fit=1200%2C628&ssl=1&resize=525%2C300 1.5x, https:\/\/i0.wp.com\/dmcc-series.com\/wp-content\/uploads\/2026\/01\/cover_event_rd5-copy-1-e1768504920638.jpg?fit=1200%2C628&ssl=1&resize=700%2C400 2x, https:\/\/i0.wp.com\/dmcc-series.com\/wp-content\/uploads\/2026\/01\/cover_event_rd5-copy-1-e1768504920638.jpg?fit=1200%2C628&ssl=1&resize=1050%2C600 3x"},"classes":[]},{"id":1012,"url":"https:\/\/dmcc-series.com\/en\/tickets\/","url_meta":{"origin":993,"position":1},"title":"Tickets","author":"C\u00e9dric Mallette","date":"February 6, 2025","format":false,"excerpt":"SEASON PASS Get your season pass and save $75 on the regular price! 200$ ($173.95 + tx) season pass here Individual round 12 and under free rd 1 - VALLEY - JUNCTION MAY 30 - AUTODROME CHAUDI\u00c8REEvents Details presale rate - end May 25 ($39.13 + tx) 45$ regular &\u2026","rel":"","context":"Similar post","block_context":{"text":"Similar post","link":""},"img":{"alt_text":"","src":"https:\/\/i0.wp.com\/dmcc-series.com\/wp-content\/uploads\/2025\/02\/Layer-15.jpg?fit=1200%2C800&ssl=1&resize=350%2C200","width":350,"height":200,"srcset":"https:\/\/i0.wp.com\/dmcc-series.com\/wp-content\/uploads\/2025\/02\/Layer-15.jpg?fit=1200%2C800&ssl=1&resize=350%2C200 1x, https:\/\/i0.wp.com\/dmcc-series.com\/wp-content\/uploads\/2025\/02\/Layer-15.jpg?fit=1200%2C800&ssl=1&resize=525%2C300 1.5x, https:\/\/i0.wp.com\/dmcc-series.com\/wp-content\/uploads\/2025\/02\/Layer-15.jpg?fit=1200%2C800&ssl=1&resize=700%2C400 2x, https:\/\/i0.wp.com\/dmcc-series.com\/wp-content\/uploads\/2025\/02\/Layer-15.jpg?fit=1200%2C800&ssl=1&resize=1050%2C600 3x"},"classes":[]},{"id":987,"url":"https:\/\/dmcc-series.com\/en\/","url_meta":{"origin":993,"position":2},"title":"Home","author":"C\u00e9dric Mallette","date":"February 6, 2025","format":false,"excerpt":"Season 2026 see calendar Sponsors News 2026 SCHEDULE rd 1 - vall\u00e9e-jonction may 30 - autodrome chaudi\u00e8reEvents Details BUY TICKET rd 2 - saint-f\u00e9licien June 20 - Autodrome St-F\u00e9licienEvents Details BUY TICKET rd 3 - vall\u00e9e-jonction july 18 - autodrome chaudi\u00e8reEvents Details BUY TICKET rd 4 - montmagny august 8\u2026","rel":"","context":"Similar post","block_context":{"text":"Similar post","link":""},"img":{"alt_text":"","src":"","width":0,"height":0},"classes":[]},{"id":155,"url":"https:\/\/dmcc-series.com\/billetterie\/","url_meta":{"origin":993,"position":3},"title":"Billetterie","author":"C\u00e9dric Mallette","date":"February 6, 2025","format":false,"excerpt":"PASSE SAISON Procure toi ta passe de saison et \u00e9conomise 75$ sur le prix r\u00e9gulier ! 200$ (173.95$ + tx) passe de saison ici Ronde individuelle 12 ans et moins gratuit rd 1 \u2022 VALL\u00c9E - JONCTION 30 MAI \u2022 AUTODROME CHAUDI\u00c8RED\u00e9tails \u00c9v\u00e9nements tarif pr\u00e9vente - fin 25 mai (39.13$\u2026","rel":"","context":"Similar post","block_context":{"text":"Similar post","link":""},"img":{"alt_text":"","src":"https:\/\/i0.wp.com\/dmcc-series.com\/wp-content\/uploads\/2025\/02\/Layer-15.jpg?fit=1200%2C800&ssl=1&resize=350%2C200","width":350,"height":200,"srcset":"https:\/\/i0.wp.com\/dmcc-series.com\/wp-content\/uploads\/2025\/02\/Layer-15.jpg?fit=1200%2C800&ssl=1&resize=350%2C200 1x, https:\/\/i0.wp.com\/dmcc-series.com\/wp-content\/uploads\/2025\/02\/Layer-15.jpg?fit=1200%2C800&ssl=1&resize=525%2C300 1.5x, https:\/\/i0.wp.com\/dmcc-series.com\/wp-content\/uploads\/2025\/02\/Layer-15.jpg?fit=1200%2C800&ssl=1&resize=700%2C400 2x, https:\/\/i0.wp.com\/dmcc-series.com\/wp-content\/uploads\/2025\/02\/Layer-15.jpg?fit=1200%2C800&ssl=1&resize=1050%2C600 3x"},"classes":[]},{"id":1011,"url":"https:\/\/dmcc-series.com\/en\/competitor\/registration\/","url_meta":{"origin":993,"position":4},"title":"registration","author":"C\u00e9dric Mallette","date":"February 10, 2025","format":false,"excerpt":"Driver Driver's license dmcc 2026 pro-am The top 16 finishers in the DMCC 2025 championship will have their licenses automatically renewed.4 pro-am licenses will be awarded for the best results in the PRO-AM CHALLENGE(Drivers who do not already have a 2026 license).12 licenses will also be awarded by the series\u2026","rel":"","context":"Similar post","block_context":{"text":"Similar post","link":""},"img":{"alt_text":"","src":"https:\/\/i0.wp.com\/dmcc-series.com\/wp-content\/uploads\/2025\/02\/Layer-12.jpg?fit=1200%2C800&ssl=1&resize=350%2C200","width":350,"height":200,"srcset":"https:\/\/i0.wp.com\/dmcc-series.com\/wp-content\/uploads\/2025\/02\/Layer-12.jpg?fit=1200%2C800&ssl=1&resize=350%2C200 1x, https:\/\/i0.wp.com\/dmcc-series.com\/wp-content\/uploads\/2025\/02\/Layer-12.jpg?fit=1200%2C800&ssl=1&resize=525%2C300 1.5x, https:\/\/i0.wp.com\/dmcc-series.com\/wp-content\/uploads\/2025\/02\/Layer-12.jpg?fit=1200%2C800&ssl=1&resize=700%2C400 2x, https:\/\/i0.wp.com\/dmcc-series.com\/wp-content\/uploads\/2025\/02\/Layer-12.jpg?fit=1200%2C800&ssl=1&resize=1050%2C600 3x"},"classes":[]},{"id":13,"url":"https:\/\/dmcc-series.com\/acceuil\/","url_meta":{"origin":993,"position":5},"title":"Acceuil","author":"C\u00e9dric Mallette","date":"February 6, 2025","format":false,"excerpt":"Saison 2026 voir calendrier Commanditaires Nouvelles calendrier 2026 rd 1 \u2022 vall\u00e9e-jonction 30 mai - autodrome chaudi\u00e8reD\u00e9tails \u00c9v\u00e9nements ACHAT BILLET rd 2 \u2022 saint-f\u00e9licien 20 juin \u2022 autodrome St-F\u00e9licienD\u00e9tails \u00c9v\u00e9nements ACHAT BILLET rd 3 \u2022 vall\u00e9e-jonction 18 juillet \u2022 autodrome chaudi\u00e8reD\u00e9tails \u00c9v\u00e9nements ACHAT BILLET rd 4 \u2022 montmagny 8 ao\u00fbt\u2026","rel":"","context":"Similar post","block_context":{"text":"Similar post","link":""},"img":{"alt_text":"","src":"","width":0,"height":0},"classes":[]}],"_links":{"self":[{"href":"https:\/\/dmcc-series.com\/en\/wp-json\/wp\/v2\/pages\/993","targetHints":{"allow":["GET"]}}],"collection":[{"href":"https:\/\/dmcc-series.com\/en\/wp-json\/wp\/v2\/pages"}],"about":[{"href":"https:\/\/dmcc-series.com\/en\/wp-json\/wp\/v2\/types\/page"}],"author":[{"embeddable":true,"href":"https:\/\/dmcc-series.com\/en\/wp-json\/wp\/v2\/users\/233903676"}],"replies":[{"embeddable":true,"href":"https:\/\/dmcc-series.com\/en\/wp-json\/wp\/v2\/comments?post=993"}],"version-history":[{"count":10,"href":"https:\/\/dmcc-series.com\/en\/wp-json\/wp\/v2\/pages\/993\/revisions"}],"predecessor-version":[{"id":2724,"href":"https:\/\/dmcc-series.com\/en\/wp-json\/wp\/v2\/pages\/993\/revisions\/2724"}],"wp:featuredmedia":[{"embeddable":true,"href":"https:\/\/dmcc-series.com\/en\/wp-json\/wp\/v2\/media\/2692"}],"wp:attachment":[{"href":"https:\/\/dmcc-series.com\/en\/wp-json\/wp\/v2\/media?parent=993"}],"curies":[{"name":"wp","href":"https:\/\/api.w.org\/{rel}","templated":true}]}}