{"id":3133,"date":"2026-03-26T14:18:00","date_gmt":"2026-03-26T18:18:00","guid":{"rendered":"https:\/\/dmcc-series.com\/contact\/"},"modified":"2026-03-26T14:24:29","modified_gmt":"2026-03-26T18:24:29","slug":"contact","status":"publish","type":"page","link":"https:\/\/dmcc-series.com\/en\/contact\/","title":{"rendered":"Contact"},"content":{"rendered":"\t\t<div data-elementor-type=\"wp-page\" data-elementor-id=\"3133\" class=\"elementor elementor-3133 elementor-3129\" data-elementor-post-type=\"page\">\n\t\t\t\t<div class=\"elementor-element elementor-element-dd446da e-flex e-con-boxed e-con e-parent\" data-id=\"dd446da\" data-element_type=\"container\" data-e-type=\"container\">\n\t\t\t\t\t<div class=\"e-con-inner\">\n\t\t\t\t\t<\/div>\n\t\t\t\t<\/div>\n\t\t<div class=\"elementor-element elementor-element-4057f59 e-flex e-con-boxed e-con e-parent\" data-id=\"4057f59\" data-element_type=\"container\" data-e-type=\"container\">\n\t\t\t\t\t<div class=\"e-con-inner\">\n\t\t\t\t<div class=\"elementor-element elementor-element-8928411 elementor-widget elementor-widget-text-editor\" data-id=\"8928411\" data-element_type=\"widget\" data-e-type=\"widget\" data-widget_type=\"text-editor.default\">\n\t\t\t\t\t\t\t\t\t<p>Do you have a comment or suggestion you&#8217;d like to share with us? Fill in the form below. <\/p>\t\t\t\t\t\t\t\t<\/div>\n\t\t\t\t<div class=\"elementor-element elementor-element-53abfbd elementor-widget elementor-widget-html\" data-id=\"53abfbd\" data-element_type=\"widget\" data-e-type=\"widget\" data-widget_type=\"html.default\">\n\t\t\t\t\t<script type=\"text\/javascript\" src=\"https:\/\/form.jotform.com\/jsform\/260845772147060\"><\/script>\t\t\t\t<\/div>\n\t\t\t\t<div class=\"elementor-element elementor-element-6f6f9b3 elementor-widget elementor-widget-text-editor\" data-id=\"6f6f9b3\" data-element_type=\"widget\" data-e-type=\"widget\" data-widget_type=\"text-editor.default\">\n\t\t\t\t\t\t\t\t\t<p>For all other requests, please contact us.<\/p>\t\t\t\t\t\t\t\t<\/div>\n\t\t\t\t<div class=\"elementor-element elementor-element-67e0037 elementor-mobile-align-center elementor-widget__width-inherit elementor-icon-list--layout-traditional elementor-list-item-link-full_width elementor-widget elementor-widget-icon-list\" data-id=\"67e0037\" data-element_type=\"widget\" data-e-type=\"widget\" data-widget_type=\"icon-list.default\">\n\t\t\t\t\t\t\t<ul class=\"elementor-icon-list-items\">\n\t\t\t\t\t\t\t<li class=\"elementor-icon-list-item\">\n\t\t\t\t\t\t\t\t\t\t\t<a href=\"mailto:info@dmcc-series.com\" target=\"_blank\">\n\n\t\t\t\t\t\t\t\t\t\t\t\t<span class=\"elementor-icon-list-icon\">\n\t\t\t\t\t\t\t<svg aria-hidden=\"true\" class=\"e-font-icon-svg e-fas-info-circle\" viewBox=\"0 0 512 512\" xmlns=\"http:\/\/www.w3.org\/2000\/svg\"><path d=\"M256 8C119.043 8 8 119.083 8 256c0 136.997 111.043 248 248 248s248-111.003 248-248C504 119.083 392.957 8 256 8zm0 110c23.196 0 42 18.804 42 42s-18.804 42-42 42-42-18.804-42-42 18.804-42 42-42zm56 254c0 6.627-5.373 12-12 12h-88c-6.627 0-12-5.373-12-12v-24c0-6.627 5.373-12 12-12h12v-64h-12c-6.627 0-12-5.373-12-12v-24c0-6.627 5.373-12 12-12h64c6.627 0 12 5.373 12 12v100h12c6.627 0 12 5.373 12 12v24z\"><\/path><\/svg>\t\t\t\t\t\t<\/span>\n\t\t\t\t\t\t\t\t\t\t<span class=\"elementor-icon-list-text\">info@dmcc-series.com<\/span>\n\t\t\t\t\t\t\t\t\t\t\t<\/a>\n\t\t\t\t\t\t\t\t\t<\/li>\n\t\t\t\t\t\t<\/ul>\n\t\t\t\t\t\t<\/div>\n\t\t\t\t\t<\/div>\n\t\t\t\t<\/div>\n\t\t\t\t<\/div>\n\t\t","protected":false},"excerpt":{"rendered":"<p>Do you have a comment or suggestion you&#8217;d like to share with us? Fill in the form below. For all other requests, please contact us. info@dmcc-series.com<\/p>\n","protected":false},"author":233903676,"featured_media":0,"parent":0,"menu_order":0,"comment_status":"closed","ping_status":"closed","template":"","meta":{"_acf_changed":false,"_crdt_document":"","advanced_seo_description":"","jetpack_seo_html_title":"","jetpack_seo_noindex":false,"footnotes":""},"class_list":["post-3133","page","type-page","status-publish","hentry"],"acf":[],"jetpack_likes_enabled":true,"jetpack_sharing_enabled":true,"jetpack_shortlink":"https:\/\/wp.me\/Pgl5nb-Ox","jetpack-related-posts":[{"id":1002,"url":"https:\/\/dmcc-series.com\/en\/competitor\/","url_meta":{"origin":3133,"position":0},"title":"Competitor zone","author":"C\u00e9dric Mallette","date":"February 6, 2025","format":false,"excerpt":"information competitor registration Register to become a DMCC competitor . driver registration here Rule books TECHNICAL REGULATIONS Technical regulations for Pro and Pro-Am cars for the 2026 season. download FR download en version 2026 1.3 SPORTS REGULATIONS Sports regulations for the 2025 season. download FR download en version 1.01 If\u2026","rel":"","context":"Similar post","block_context":{"text":"Similar post","link":""},"img":{"alt_text":"","src":"","width":0,"height":0},"classes":[]},{"id":3129,"url":"https:\/\/dmcc-series.com\/contact\/","url_meta":{"origin":3133,"position":1},"title":"Contact","author":"C\u00e9dric Mallette","date":"March 26, 2026","format":false,"excerpt":"Vous avez un commentaire ou une suggestion que vous aimeriez partager avec nous ? Remplissez le formulaire ci-dessous. Pour toutes autre demande, vous pouvez nous contacter. info@dmcc-series.com","rel":"","context":"Similar post","block_context":{"text":"Similar post","link":""},"img":{"alt_text":"","src":"","width":0,"height":0},"classes":[]},{"id":1,"url":"https:\/\/dmcc-series.com\/about\/","url_meta":{"origin":3133,"position":2},"title":"About","author":"C\u00e9dric Mallette","date":"February 6, 2025","format":false,"excerpt":"This is an example of a page. Unlike posts, which are displayed on your blog\u2019s front page in the order they\u2019re published, pages are better suited for more timeless content that you want to be easily accessible, like your About or Contact information. Click the Edit link to make changes\u2026","rel":"","context":"Similar post","block_context":{"text":"Similar post","link":""},"img":{"alt_text":"","src":"","width":0,"height":0},"classes":[]},{"id":161,"url":"https:\/\/dmcc-series.com\/competiteur\/","url_meta":{"origin":3133,"position":3},"title":"Zone Comp\u00e9titeur","author":"C\u00e9dric Mallette","date":"February 6, 2025","format":false,"excerpt":"information comp\u00e9titeur inscription Inscription pour devenir comp\u00e9titeur DMCC . inscription pilote ici livre de r\u00e8glement R\u00c8GLEMENT TECHNIQUE R\u00e8glement technique des voitures Pro et Pro-Am a respect\u00e9 pour la saison 2026. t\u00e9l\u00e9chargez FR download en version 2026 1.3 R\u00c8GLEMENT SPORTIF R\u00e8glement sportif pour la saison 2025. t\u00e9l\u00e9chargez FR download en version\u2026","rel":"","context":"Similar post","block_context":{"text":"Similar post","link":""},"img":{"alt_text":"","src":"","width":0,"height":0},"classes":[]},{"id":386,"url":"https:\/\/dmcc-series.com\/competiteur\/inscription\/","url_meta":{"origin":3133,"position":4},"title":"inscription","author":"C\u00e9dric Mallette","date":"February 10, 2025","format":false,"excerpt":"pilote Licence pilote dmcc 2026 pro-am Les 16 premiers du championnat DMCC 2025 ce veront voir leur licence automatiquement renouvel\u00e9e.4 licences pro-am seront octroy\u00e9es pour les meilleurs r\u00e9sultats du PRO-AM CHALLENGE( Pilote qui n\u2019ont pas d\u00e9j\u00e0 de licence 2026)12 licences seront aussi attribu\u00e9es par la s\u00e9rie bas\u00e9 selon les performances:-\u2026","rel":"","context":"Similar post","block_context":{"text":"Similar post","link":""},"img":{"alt_text":"","src":"https:\/\/i0.wp.com\/dmcc-series.com\/wp-content\/uploads\/2025\/02\/Layer-12.jpg?fit=1200%2C800&ssl=1&resize=350%2C200","width":350,"height":200,"srcset":"https:\/\/i0.wp.com\/dmcc-series.com\/wp-content\/uploads\/2025\/02\/Layer-12.jpg?fit=1200%2C800&ssl=1&resize=350%2C200 1x, https:\/\/i0.wp.com\/dmcc-series.com\/wp-content\/uploads\/2025\/02\/Layer-12.jpg?fit=1200%2C800&ssl=1&resize=525%2C300 1.5x, https:\/\/i0.wp.com\/dmcc-series.com\/wp-content\/uploads\/2025\/02\/Layer-12.jpg?fit=1200%2C800&ssl=1&resize=700%2C400 2x, https:\/\/i0.wp.com\/dmcc-series.com\/wp-content\/uploads\/2025\/02\/Layer-12.jpg?fit=1200%2C800&ssl=1&resize=1050%2C600 3x"},"classes":[]},{"id":1011,"url":"https:\/\/dmcc-series.com\/en\/competitor\/registration\/","url_meta":{"origin":3133,"position":5},"title":"registration","author":"C\u00e9dric Mallette","date":"February 10, 2025","format":false,"excerpt":"Driver Driver's license dmcc 2026 pro-am The top 16 finishers in the DMCC 2025 championship will have their licenses automatically renewed.4 pro-am licenses will be awarded for the best results in the PRO-AM CHALLENGE(Drivers who do not already have a 2026 license).12 licenses will also be awarded by the series\u2026","rel":"","context":"Similar post","block_context":{"text":"Similar post","link":""},"img":{"alt_text":"","src":"https:\/\/i0.wp.com\/dmcc-series.com\/wp-content\/uploads\/2025\/02\/Layer-12.jpg?fit=1200%2C800&ssl=1&resize=350%2C200","width":350,"height":200,"srcset":"https:\/\/i0.wp.com\/dmcc-series.com\/wp-content\/uploads\/2025\/02\/Layer-12.jpg?fit=1200%2C800&ssl=1&resize=350%2C200 1x, https:\/\/i0.wp.com\/dmcc-series.com\/wp-content\/uploads\/2025\/02\/Layer-12.jpg?fit=1200%2C800&ssl=1&resize=525%2C300 1.5x, https:\/\/i0.wp.com\/dmcc-series.com\/wp-content\/uploads\/2025\/02\/Layer-12.jpg?fit=1200%2C800&ssl=1&resize=700%2C400 2x, https:\/\/i0.wp.com\/dmcc-series.com\/wp-content\/uploads\/2025\/02\/Layer-12.jpg?fit=1200%2C800&ssl=1&resize=1050%2C600 3x"},"classes":[]}],"_links":{"self":[{"href":"https:\/\/dmcc-series.com\/en\/wp-json\/wp\/v2\/pages\/3133","targetHints":{"allow":["GET"]}}],"collection":[{"href":"https:\/\/dmcc-series.com\/en\/wp-json\/wp\/v2\/pages"}],"about":[{"href":"https:\/\/dmcc-series.com\/en\/wp-json\/wp\/v2\/types\/page"}],"author":[{"embeddable":true,"href":"https:\/\/dmcc-series.com\/en\/wp-json\/wp\/v2\/users\/233903676"}],"replies":[{"embeddable":true,"href":"https:\/\/dmcc-series.com\/en\/wp-json\/wp\/v2\/comments?post=3133"}],"version-history":[{"count":5,"href":"https:\/\/dmcc-series.com\/en\/wp-json\/wp\/v2\/pages\/3133\/revisions"}],"predecessor-version":[{"id":3144,"href":"https:\/\/dmcc-series.com\/en\/wp-json\/wp\/v2\/pages\/3133\/revisions\/3144"}],"wp:attachment":[{"href":"https:\/\/dmcc-series.com\/en\/wp-json\/wp\/v2\/media?parent=3133"}],"curies":[{"name":"wp","href":"https:\/\/api.w.org\/{rel}","templated":true}]}}