{"id":1021,"date":"2025-02-06T15:31:47","date_gmt":"2025-02-06T20:31:47","guid":{"rendered":"https:\/\/dmcc-series.com\/round-3\/"},"modified":"2026-01-27T10:16:00","modified_gmt":"2026-01-27T15:16:00","slug":"round-3","status":"publish","type":"page","link":"https:\/\/dmcc-series.com\/en\/round-3\/","title":{"rendered":"Round 3"},"content":{"rendered":"\t\t<div data-elementor-type=\"wp-page\" data-elementor-id=\"1021\" class=\"elementor elementor-1021 elementor-133\" data-elementor-post-type=\"page\">\n\t\t\t\t<div class=\"elementor-element elementor-element-18f3a235 e-con-full e-flex e-con e-parent\" data-id=\"18f3a235\" data-element_type=\"container\" data-e-type=\"container\" data-settings=\"{&quot;background_background&quot;:&quot;classic&quot;}\">\n\t\t<div class=\"elementor-element elementor-element-139c4a3a e-flex e-con-boxed e-con e-child\" data-id=\"139c4a3a\" data-element_type=\"container\" data-e-type=\"container\" data-settings=\"{&quot;background_background&quot;:&quot;classic&quot;}\">\n\t\t\t\t\t<div class=\"e-con-inner\">\n\t\t\t\t<div class=\"elementor-element elementor-element-6a1e3ef1 elementor-widget elementor-widget-heading\" data-id=\"6a1e3ef1\" data-element_type=\"widget\" data-e-type=\"widget\" data-widget_type=\"heading.default\">\n\t\t\t\t\t<h1 class=\"elementor-heading-title elementor-size-default\">Round 3<\/h1>\t\t\t\t<\/div>\n\t\t\t\t<div class=\"elementor-element elementor-element-6afec2e2 elementor-widget elementor-widget-heading\" data-id=\"6afec2e2\" data-element_type=\"widget\" data-e-type=\"widget\" data-widget_type=\"heading.default\">\n\t\t\t\t\t<h3 class=\"elementor-heading-title elementor-size-default\">pro &amp; pro-am<\/h3>\t\t\t\t<\/div>\n\t\t\t\t\t<\/div>\n\t\t\t\t<\/div>\n\t\t\t\t<\/div>\n\t\t<div class=\"elementor-element elementor-element-4ce281f7 e-flex e-con-boxed e-con e-parent\" data-id=\"4ce281f7\" data-element_type=\"container\" data-e-type=\"container\">\n\t\t\t\t\t<div class=\"e-con-inner\">\n\t\t<div class=\"elementor-element elementor-element-d8edd36 e-con-full e-flex e-con e-child\" data-id=\"d8edd36\" data-element_type=\"container\" data-e-type=\"container\" data-settings=\"{&quot;background_background&quot;:&quot;classic&quot;}\">\n\t\t<div class=\"elementor-element elementor-element-55d20fc e-con-full e-flex e-con e-child\" data-id=\"55d20fc\" data-element_type=\"container\" data-e-type=\"container\" data-settings=\"{&quot;background_background&quot;:&quot;classic&quot;}\">\n\t\t\t\t<div class=\"elementor-element elementor-element-90a0652 elementor-widget__width-inherit elementor-widget elementor-widget-heading\" data-id=\"90a0652\" data-element_type=\"widget\" data-e-type=\"widget\" data-widget_type=\"heading.default\">\n\t\t\t\t\t<h3 class=\"elementor-heading-title elementor-size-default\">Autodrome Chaudi\u00e8re<\/h3>\t\t\t\t<\/div>\n\t\t\t\t<div class=\"elementor-element elementor-element-c972361 elementor-widget__width-inherit elementor-widget elementor-widget-heading\" data-id=\"c972361\" data-element_type=\"widget\" data-e-type=\"widget\" data-widget_type=\"heading.default\">\n\t\t\t\t\t<h5 class=\"elementor-heading-title elementor-size-default\">july 18 - vall\u00e9e-jonction<\/h5>\t\t\t\t<\/div>\n\t\t<div class=\"elementor-element elementor-element-d07f9b1 e-con-full e-flex e-con e-child\" data-id=\"d07f9b1\" data-element_type=\"container\" data-e-type=\"container\" data-settings=\"{&quot;background_background&quot;:&quot;classic&quot;}\">\n\t\t\t\t<div class=\"elementor-element elementor-element-0d01262 elementor-widget elementor-widget-heading\" data-id=\"0d01262\" data-element_type=\"widget\" data-e-type=\"widget\" data-widget_type=\"heading.default\">\n\t\t\t\t\t<h5 class=\"elementor-heading-title elementor-size-default\">presale rate - ends july 12<\/h5>\t\t\t\t<\/div>\n\t\t\t\t<div class=\"elementor-element elementor-element-2532f5f elementor-widget elementor-widget-heading\" data-id=\"2532f5f\" data-element_type=\"widget\" data-e-type=\"widget\" data-widget_type=\"heading.default\">\n\t\t\t\t\t<h6 class=\"elementor-heading-title elementor-size-default\">($39.13 + tx)<\/h6>\t\t\t\t<\/div>\n\t\t\t\t<div class=\"elementor-element elementor-element-65d14a9 elementor-widget elementor-widget-heading\" data-id=\"65d14a9\" data-element_type=\"widget\" data-e-type=\"widget\" data-widget_type=\"heading.default\">\n\t\t\t\t\t<h1 class=\"elementor-heading-title elementor-size-default\">45$<\/h1>\t\t\t\t<\/div>\n\t\t\t\t<\/div>\n\t\t<div class=\"elementor-element elementor-element-86701d8 e-con-full e-flex e-con e-child\" data-id=\"86701d8\" data-element_type=\"container\" data-e-type=\"container\" data-settings=\"{&quot;background_background&quot;:&quot;classic&quot;}\">\n\t\t\t\t<div class=\"elementor-element elementor-element-5bbdd37 elementor-widget elementor-widget-heading\" data-id=\"5bbdd37\" data-element_type=\"widget\" data-e-type=\"widget\" data-widget_type=\"heading.default\">\n\t\t\t\t\t<h5 class=\"elementor-heading-title elementor-size-default\">regular &amp; door prices<\/h5>\t\t\t\t<\/div>\n\t\t\t\t<div class=\"elementor-element elementor-element-c4e7ee3 elementor-widget elementor-widget-heading\" data-id=\"c4e7ee3\" data-element_type=\"widget\" data-e-type=\"widget\" data-widget_type=\"heading.default\">\n\t\t\t\t\t<h6 class=\"elementor-heading-title elementor-size-default\">($48.84 + tx)<\/h6>\t\t\t\t<\/div>\n\t\t\t\t<div class=\"elementor-element elementor-element-0aa5432 elementor-widget elementor-widget-heading\" data-id=\"0aa5432\" data-element_type=\"widget\" data-e-type=\"widget\" data-widget_type=\"heading.default\">\n\t\t\t\t\t<h1 class=\"elementor-heading-title elementor-size-default\">55$<\/h1>\t\t\t\t<\/div>\n\t\t\t\t<\/div>\n\t\t<div class=\"elementor-element elementor-element-486b530 e-con-full e-flex e-con e-child\" data-id=\"486b530\" data-element_type=\"container\" data-e-type=\"container\" data-settings=\"{&quot;background_background&quot;:&quot;classic&quot;}\">\n\t\t\t\t<div class=\"elementor-element elementor-element-ef6a275 elementor-align-justify elementor-widget elementor-widget-button\" data-id=\"ef6a275\" data-element_type=\"widget\" data-e-type=\"widget\" data-widget_type=\"button.default\">\n\t\t\t\t\t\t\t\t\t\t<a class=\"elementor-button elementor-button-link elementor-size-sm\" href=\"https:\/\/lepointdevente.com\/billets\/dmcc2026rd3?lang=fr\">\n\t\t\t\t\t\t<span class=\"elementor-button-content-wrapper\">\n\t\t\t\t\t\t\t\t\t<span class=\"elementor-button-text\">ticket here<\/span>\n\t\t\t\t\t<\/span>\n\t\t\t\t\t<\/a>\n\t\t\t\t\t\t\t\t<\/div>\n\t\t\t\t<div class=\"elementor-element elementor-element-3139d72 elementor-widget elementor-widget-heading\" data-id=\"3139d72\" data-element_type=\"widget\" data-e-type=\"widget\" data-widget_type=\"heading.default\">\n\t\t\t\t\t<h5 class=\"elementor-heading-title elementor-size-default\">12 and under free<\/h5>\t\t\t\t<\/div>\n\t\t\t\t<div class=\"elementor-element elementor-element-3628d7d elementor-widget elementor-widget-heading\" data-id=\"3628d7d\" data-element_type=\"widget\" data-e-type=\"widget\" data-widget_type=\"heading.default\">\n\t\t\t\t\t<p class=\"elementor-heading-title elementor-size-default\">Limited number of discount tickets.<\/p>\t\t\t\t<\/div>\n\t\t\t\t<\/div>\n\t\t\t\t<\/div>\n\t\t\t\t<\/div>\n\t\t<div class=\"elementor-element elementor-element-5f9eb727 e-con-full e-flex e-con e-child\" data-id=\"5f9eb727\" data-element_type=\"container\" data-e-type=\"container\">\n\t\t\t\t<div class=\"elementor-element elementor-element-29672f5e elementor-widget elementor-widget-text-editor\" data-id=\"29672f5e\" data-element_type=\"widget\" data-e-type=\"widget\" data-widget_type=\"text-editor.default\">\n\t\t\t\t\t\t\t\t\t<p>circuit chaudi\u00e8re-appalache welcomes the DMCC series to their home for another year.<\/p><p>For this round, there will be no vip exhibition, due to limited space and a spectacular number of drivers!<\/p><p>On site:<\/p><ul><li>Food Truck<\/li><li>kiosks<\/li><li>Parking<\/li><li>Campsite<\/li><\/ul>\t\t\t\t\t\t\t\t<\/div>\n\t\t\t\t<\/div>\n\t\t\t\t\t<\/div>\n\t\t\t\t<\/div>\n\t\t<div class=\"elementor-element elementor-element-9d6d3ae e-flex e-con-boxed e-con e-parent\" data-id=\"9d6d3ae\" data-element_type=\"container\" data-e-type=\"container\">\n\t\t\t\t\t<div class=\"e-con-inner\">\n\t\t\t\t<div class=\"elementor-element elementor-element-51ef807 elementor-widget elementor-widget-shortcode\" data-id=\"51ef807\" data-element_type=\"widget\" data-e-type=\"widget\" data-widget_type=\"shortcode.default\">\n\t\t\t\t\t\t\t<div class=\"elementor-shortcode\">\t\t<div data-elementor-type=\"container\" data-elementor-id=\"2669\" class=\"elementor elementor-2669 elementor-2666 elementor-2666\" data-elementor-post-type=\"elementor_library\">\n\t\t\t\t<div class=\"elementor-element elementor-element-4bdbc962 e-flex e-con-boxed e-con e-parent\" data-id=\"4bdbc962\" data-element_type=\"container\" data-e-type=\"container\">\n\t\t\t\t\t<div class=\"e-con-inner\">\n\t\t\t\t<div class=\"elementor-element elementor-element-6e47989c elementor-widget elementor-widget-heading\" data-id=\"6e47989c\" data-element_type=\"widget\" data-e-type=\"widget\" data-widget_type=\"heading.default\">\n\t\t\t\t\t<h6 class=\"elementor-heading-title elementor-size-default\">Sponsors<\/h6>\t\t\t\t<\/div>\n\t\t\t\t<div class=\"elementor-element elementor-element-4fe1967b elementor-widget elementor-widget-image-carousel\" data-id=\"4fe1967b\" data-element_type=\"widget\" data-e-type=\"widget\" data-settings=\"{&quot;navigation&quot;:&quot;none&quot;,&quot;autoplay_speed&quot;:500,&quot;slides_to_show&quot;:&quot;4&quot;,&quot;autoplay&quot;:&quot;yes&quot;,&quot;infinite&quot;:&quot;yes&quot;,&quot;speed&quot;:500}\" data-widget_type=\"image-carousel.default\">\n\t\t\t\t\t\t\t<div class=\"elementor-image-carousel-wrapper swiper\" role=\"region\" aria-roledescription=\"carousel\" aria-label=\"Carrousel d\u2019images\" dir=\"ltr\">\n\t\t\t<div class=\"elementor-image-carousel swiper-wrapper\" aria-live=\"off\">\n\t\t\t\t\t\t\t\t<div class=\"swiper-slide\" role=\"group\" aria-roledescription=\"slide\" aria-label=\"1 of 6\"><figure class=\"swiper-slide-inner\"><img data-recalc-dims=\"1\" decoding=\"async\" class=\"swiper-slide-image\" src=\"https:\/\/i0.wp.com\/dmcc-series.com\/wp-content\/uploads\/elementor\/thumbs\/logo-XPN-bk-red-r14cloqel3r8d0n2z4jk1shhxxzxc6gku42ass3m3a.png?w=800&#038;ssl=1\" alt=\"logo-XPN-bk-red\" \/><\/figure><\/div><div class=\"swiper-slide\" role=\"group\" aria-roledescription=\"slide\" aria-label=\"2 of 6\"><figure class=\"swiper-slide-inner\"><img data-recalc-dims=\"1\" decoding=\"async\" class=\"swiper-slide-image\" src=\"https:\/\/i0.wp.com\/dmcc-series.com\/wp-content\/uploads\/elementor\/thumbs\/vpracingfuels-r14clqm2yrtt08kco5ct6s0f4pqnrko1idd9rc0u5k.png?w=800&#038;ssl=1\" alt=\"vpracingfuels\" \/><\/figure><\/div><div class=\"swiper-slide\" role=\"group\" aria-roledescription=\"slide\" aria-label=\"3 of 6\"><figure class=\"swiper-slide-inner\"><img decoding=\"async\" class=\"swiper-slide-image\" src=\"https:\/\/dmcc-series.com\/wp-content\/uploads\/elementor\/thumbs\/Perry_logo_transparent500x105_5db44731-dc91-4044-9cd9-3f0e585609e6_300x@2x-r6hk9vzm9e8bbokfb7x2cnvjr5k774s77u77ypalgg.avif\" alt=\"Perry_logo_transparent500x105_5db44731-dc91-4044-9cd9-3f0e585609e6_300x@2x\" \/><\/figure><\/div><div class=\"swiper-slide\" role=\"group\" aria-roledescription=\"slide\" aria-label=\"4 of 6\"><figure class=\"swiper-slide-inner\"><img data-recalc-dims=\"1\" decoding=\"async\" class=\"swiper-slide-image\" src=\"https:\/\/i0.wp.com\/dmcc-series.com\/wp-content\/uploads\/elementor\/thumbs\/just_logo-r14clmuq7fonpspta3qawsykr696ws945urbu86dw0.png?w=800&#038;ssl=1\" alt=\"just_logo\" \/><\/figure><\/div><div class=\"swiper-slide\" role=\"group\" aria-roledescription=\"slide\" aria-label=\"5 of 6\"><figure class=\"swiper-slide-inner\"><img data-recalc-dims=\"1\" decoding=\"async\" class=\"swiper-slide-image\" src=\"https:\/\/i0.wp.com\/dmcc-series.com\/wp-content\/uploads\/elementor\/thumbs\/Tech-53-logo-v2-r14clqm2yrtt08kco5ct6s0f4pqnrko1idd9rc0tkq.png?w=800&#038;ssl=1\" alt=\"Tech-53 logo v2\" \/><\/figure><\/div><div class=\"swiper-slide\" role=\"group\" aria-roledescription=\"slide\" aria-label=\"6 of 6\"><figure class=\"swiper-slide-inner\"><img data-recalc-dims=\"1\" decoding=\"async\" class=\"swiper-slide-image\" src=\"https:\/\/i0.wp.com\/dmcc-series.com\/wp-content\/uploads\/elementor\/thumbs\/SPX-r14clpo8rxsiomlptmy6ma8yjbvajvkb68psa228sq.png?w=800&#038;ssl=1\" alt=\"SPX\" \/><\/figure><\/div>\t\t\t<\/div>\n\t\t\t\t\t\t\t\n\t\t\t\t\t\t\t\t\t<\/div>\n\t\t\t\t\t\t<\/div>\n\t\t\t\t\t<\/div>\n\t\t\t\t<\/div>\n\t\t\t\t<\/div>\n\t\t<\/div>\n\t\t\t\t\t\t<\/div>\n\t\t\t\t\t<\/div>\n\t\t\t\t<\/div>\n\t\t<div class=\"elementor-element elementor-element-4db15f65 e-flex e-con-boxed e-con e-parent\" data-id=\"4db15f65\" data-element_type=\"container\" data-e-type=\"container\" data-settings=\"{&quot;background_background&quot;:&quot;classic&quot;}\">\n\t\t\t\t\t<div class=\"e-con-inner\">\n\t\t\t\t<div class=\"elementor-element elementor-element-1e5418be elementor-widget elementor-widget-heading\" data-id=\"1e5418be\" data-element_type=\"widget\" data-e-type=\"widget\" data-widget_type=\"heading.default\">\n\t\t\t\t\t<h1 class=\"elementor-heading-title elementor-size-default\">Schedule<\/h1>\t\t\t\t<\/div>\n\t\t\t\t<div class=\"elementor-element elementor-element-5724f40 elementor-hidden-desktop elementor-hidden-tablet elementor-hidden-mobile elementor-widget elementor-widget-text-editor\" data-id=\"5724f40\" data-element_type=\"widget\" data-e-type=\"widget\" data-widget_type=\"text-editor.default\">\n\t\t\t\t\t\t\t\t\t<p>COMING SOON<\/p>\t\t\t\t\t\t\t\t<\/div>\n\t\t\t\t\t<\/div>\n\t\t\t\t<\/div>\n\t\t<div class=\"elementor-element elementor-element-22914140 e-flex e-con-boxed e-con e-parent\" data-id=\"22914140\" data-element_type=\"container\" data-e-type=\"container\" data-settings=\"{&quot;background_background&quot;:&quot;classic&quot;}\">\n\t\t\t\t\t<div class=\"e-con-inner\">\n\t\t\t\t<div class=\"elementor-element elementor-element-47c1b934 elementor-widget elementor-widget-heading\" data-id=\"47c1b934\" data-element_type=\"widget\" data-e-type=\"widget\" data-widget_type=\"heading.default\">\n\t\t\t\t\t<h1 class=\"elementor-heading-title elementor-size-default\">direction<\/h1>\t\t\t\t<\/div>\n\t\t\t\t<div class=\"elementor-element elementor-element-5129b020 elementor-widget elementor-widget-google_maps\" data-id=\"5129b020\" data-element_type=\"widget\" data-e-type=\"widget\" data-widget_type=\"google_maps.default\">\n\t\t\t\t\t\t\t<div class=\"elementor-custom-embed\">\n\t\t\t<iframe loading=\"lazy\"\n\t\t\t\t\tsrc=\"https:\/\/maps.google.com\/maps?q=71%20R112%20Ouest%2C%20Vall%C3%A9e-Jonction%2C%20Quebec%20G0S%203J0&#038;t=m&#038;z=10&#038;output=embed&#038;iwloc=near\"\n\t\t\t\t\ttitle=\"71 R112 Ouest, Vall\u00e9e-Jonction, Quebec G0S 3J0\"\n\t\t\t\t\taria-label=\"71 R112 Ouest, Vall\u00e9e-Jonction, Quebec G0S 3J0\"\n\t\t\t><\/iframe>\n\t\t<\/div>\n\t\t\t\t\t\t<\/div>\n\t\t\t\t\t<\/div>\n\t\t\t\t<\/div>\n\t\t\t\t<\/div>\n\t\t","protected":false},"excerpt":{"rendered":"<p>pro &amp; pro-am Autodrome Chaudi\u00e8re july 18 &#8211; vall\u00e9e-jonction presale rate &#8211; ends july 12 ($39.13 + tx) 45$ regular &amp; door prices ($48.84 + tx) 55$ ticket here 12 and under free Limited number of discount tickets. circuit chaudi\u00e8re-appalache welcomes the DMCC series to their home for another year. For this round, there will [&hellip;]<\/p>\n","protected":false},"author":233903676,"featured_media":2653,"parent":0,"menu_order":0,"comment_status":"closed","ping_status":"closed","template":"","meta":{"_acf_changed":false,"_crdt_document":"","advanced_seo_description":"","jetpack_seo_html_title":"","jetpack_seo_noindex":false,"footnotes":""},"class_list":["post-1021","page","type-page","status-publish","has-post-thumbnail","hentry"],"acf":[],"jetpack_likes_enabled":true,"jetpack_sharing_enabled":true,"jetpack_shortlink":"https:\/\/wp.me\/Pgl5nb-gt","jetpack-related-posts":[{"id":1012,"url":"https:\/\/dmcc-series.com\/en\/tickets\/","url_meta":{"origin":1021,"position":0},"title":"Tickets","author":"C\u00e9dric Mallette","date":"February 6, 2025","format":false,"excerpt":"SEASON PASS Get your season pass and save $75 on the regular price! 200$ ($173.95 + tx) season pass here Individual round 12 and under free rd 1 - VALLEY - JUNCTION MAY 30 - AUTODROME CHAUDI\u00c8REEvents Details presale rate - end May 25 ($39.13 + tx) 45$ regular &\u2026","rel":"","context":"Similar post","block_context":{"text":"Similar post","link":""},"img":{"alt_text":"","src":"https:\/\/i0.wp.com\/dmcc-series.com\/wp-content\/uploads\/2025\/02\/Layer-15.jpg?fit=1200%2C800&ssl=1&resize=350%2C200","width":350,"height":200,"srcset":"https:\/\/i0.wp.com\/dmcc-series.com\/wp-content\/uploads\/2025\/02\/Layer-15.jpg?fit=1200%2C800&ssl=1&resize=350%2C200 1x, https:\/\/i0.wp.com\/dmcc-series.com\/wp-content\/uploads\/2025\/02\/Layer-15.jpg?fit=1200%2C800&ssl=1&resize=525%2C300 1.5x, https:\/\/i0.wp.com\/dmcc-series.com\/wp-content\/uploads\/2025\/02\/Layer-15.jpg?fit=1200%2C800&ssl=1&resize=700%2C400 2x, https:\/\/i0.wp.com\/dmcc-series.com\/wp-content\/uploads\/2025\/02\/Layer-15.jpg?fit=1200%2C800&ssl=1&resize=1050%2C600 3x"},"classes":[]},{"id":992,"url":"https:\/\/dmcc-series.com\/en\/round-1\/","url_meta":{"origin":1021,"position":1},"title":"Round 1","author":"C\u00e9dric Mallette","date":"February 6, 2025","format":false,"excerpt":"ROUND 1 pro & pro-am Autodrome Chaudi\u00e8re may 30 - vall\u00e9e-jonction presale rate - end May 25 ($39.13 + tx) 45$ regular & door prizes ($48.84 + tx) 55$ ticket here 12 and under free Limited number of discount tickets. circuit chaudi\u00e8re-appalache welcomes the DMCC series to their home for\u2026","rel":"","context":"Similar post","block_context":{"text":"Similar post","link":""},"img":{"alt_text":"","src":"https:\/\/i0.wp.com\/dmcc-series.com\/wp-content\/uploads\/2026\/01\/cover_event-copy-e1768501452503.jpg?fit=1200%2C628&ssl=1&resize=350%2C200","width":350,"height":200,"srcset":"https:\/\/i0.wp.com\/dmcc-series.com\/wp-content\/uploads\/2026\/01\/cover_event-copy-e1768501452503.jpg?fit=1200%2C628&ssl=1&resize=350%2C200 1x, https:\/\/i0.wp.com\/dmcc-series.com\/wp-content\/uploads\/2026\/01\/cover_event-copy-e1768501452503.jpg?fit=1200%2C628&ssl=1&resize=525%2C300 1.5x, https:\/\/i0.wp.com\/dmcc-series.com\/wp-content\/uploads\/2026\/01\/cover_event-copy-e1768501452503.jpg?fit=1200%2C628&ssl=1&resize=700%2C400 2x, https:\/\/i0.wp.com\/dmcc-series.com\/wp-content\/uploads\/2026\/01\/cover_event-copy-e1768501452503.jpg?fit=1200%2C628&ssl=1&resize=1050%2C600 3x"},"classes":[]},{"id":993,"url":"https:\/\/dmcc-series.com\/en\/round-5\/","url_meta":{"origin":1021,"position":2},"title":"Round 5","author":"C\u00e9dric Mallette","date":"February 6, 2025","format":false,"excerpt":"pro & pro-am Icar Route 66 - driftpark september 5 - mirabel presale rate - end august 31 ($39.13 + tx) 45$ regular & door prices ($48.84 + tx) 55$ ticket here 12 and under free Limited number of discount tickets. The icar complex hosts the DMCC series finale on\u2026","rel":"","context":"Similar post","block_context":{"text":"Similar post","link":""},"img":{"alt_text":"","src":"https:\/\/i0.wp.com\/dmcc-series.com\/wp-content\/uploads\/2026\/01\/cover_event_rd5-copy-1-e1768504920638.jpg?fit=1200%2C628&ssl=1&resize=350%2C200","width":350,"height":200,"srcset":"https:\/\/i0.wp.com\/dmcc-series.com\/wp-content\/uploads\/2026\/01\/cover_event_rd5-copy-1-e1768504920638.jpg?fit=1200%2C628&ssl=1&resize=350%2C200 1x, https:\/\/i0.wp.com\/dmcc-series.com\/wp-content\/uploads\/2026\/01\/cover_event_rd5-copy-1-e1768504920638.jpg?fit=1200%2C628&ssl=1&resize=525%2C300 1.5x, https:\/\/i0.wp.com\/dmcc-series.com\/wp-content\/uploads\/2026\/01\/cover_event_rd5-copy-1-e1768504920638.jpg?fit=1200%2C628&ssl=1&resize=700%2C400 2x, https:\/\/i0.wp.com\/dmcc-series.com\/wp-content\/uploads\/2026\/01\/cover_event_rd5-copy-1-e1768504920638.jpg?fit=1200%2C628&ssl=1&resize=1050%2C600 3x"},"classes":[]},{"id":1025,"url":"https:\/\/dmcc-series.com\/en\/round-2\/","url_meta":{"origin":1021,"position":3},"title":"Round 2","author":"C\u00e9dric Mallette","date":"February 6, 2025","format":false,"excerpt":"pro & pro-am Autodrome st-f\u00e9licien june 20 - saint-f\u00e9licien presale rate - until June 14 ($39.13 + tx) 45$ regular & door prices ($48.84 + tx) 55$ ticket here 12 and under free Limited number of discount tickets. Autodrome St-F\u00e9licien hosts the DMCC series for the first time.For this round,\u2026","rel":"","context":"Similar post","block_context":{"text":"Similar post","link":""},"img":{"alt_text":"","src":"https:\/\/i0.wp.com\/dmcc-series.com\/wp-content\/uploads\/2026\/01\/cover_event_rd2-copy-e1768501405808.jpg?fit=1200%2C628&ssl=1&resize=350%2C200","width":350,"height":200,"srcset":"https:\/\/i0.wp.com\/dmcc-series.com\/wp-content\/uploads\/2026\/01\/cover_event_rd2-copy-e1768501405808.jpg?fit=1200%2C628&ssl=1&resize=350%2C200 1x, https:\/\/i0.wp.com\/dmcc-series.com\/wp-content\/uploads\/2026\/01\/cover_event_rd2-copy-e1768501405808.jpg?fit=1200%2C628&ssl=1&resize=525%2C300 1.5x, https:\/\/i0.wp.com\/dmcc-series.com\/wp-content\/uploads\/2026\/01\/cover_event_rd2-copy-e1768501405808.jpg?fit=1200%2C628&ssl=1&resize=700%2C400 2x, https:\/\/i0.wp.com\/dmcc-series.com\/wp-content\/uploads\/2026\/01\/cover_event_rd2-copy-e1768501405808.jpg?fit=1200%2C628&ssl=1&resize=1050%2C600 3x"},"classes":[]},{"id":986,"url":"https:\/\/dmcc-series.com\/en\/round-4\/","url_meta":{"origin":1021,"position":4},"title":"Round 4","author":"C\u00e9dric Mallette","date":"February 6, 2025","format":false,"excerpt":"pro & pro-am Autodrome Montmagny august 8 - montmagny pre-sale price - end August 3 ($39.13 + tx) 45$ regular & door prices ($48.84 + tx) 55$ ticket here 12 and under free Limited number of discount tickets. Autodrome Montmagny welcomes the DMCC series to its circuit for another year.On\u2026","rel":"","context":"Similar post","block_context":{"text":"Similar post","link":""},"img":{"alt_text":"","src":"https:\/\/i0.wp.com\/dmcc-series.com\/wp-content\/uploads\/2026\/01\/cover_event_rd4-copy-e1768503798633.jpg?fit=1200%2C628&ssl=1&resize=350%2C200","width":350,"height":200,"srcset":"https:\/\/i0.wp.com\/dmcc-series.com\/wp-content\/uploads\/2026\/01\/cover_event_rd4-copy-e1768503798633.jpg?fit=1200%2C628&ssl=1&resize=350%2C200 1x, https:\/\/i0.wp.com\/dmcc-series.com\/wp-content\/uploads\/2026\/01\/cover_event_rd4-copy-e1768503798633.jpg?fit=1200%2C628&ssl=1&resize=525%2C300 1.5x, https:\/\/i0.wp.com\/dmcc-series.com\/wp-content\/uploads\/2026\/01\/cover_event_rd4-copy-e1768503798633.jpg?fit=1200%2C628&ssl=1&resize=700%2C400 2x, https:\/\/i0.wp.com\/dmcc-series.com\/wp-content\/uploads\/2026\/01\/cover_event_rd4-copy-e1768503798633.jpg?fit=1200%2C628&ssl=1&resize=1050%2C600 3x"},"classes":[]},{"id":1011,"url":"https:\/\/dmcc-series.com\/en\/competitor\/registration\/","url_meta":{"origin":1021,"position":5},"title":"registration","author":"C\u00e9dric Mallette","date":"February 10, 2025","format":false,"excerpt":"Driver Driver's license dmcc 2026 pro-am The top 16 finishers in the DMCC 2025 championship will have their licenses automatically renewed.4 pro-am licenses will be awarded for the best results in the PRO-AM CHALLENGE(Drivers who do not already have a 2026 license).12 licenses will also be awarded by the series\u2026","rel":"","context":"Similar post","block_context":{"text":"Similar post","link":""},"img":{"alt_text":"","src":"https:\/\/i0.wp.com\/dmcc-series.com\/wp-content\/uploads\/2025\/02\/Layer-12.jpg?fit=1200%2C800&ssl=1&resize=350%2C200","width":350,"height":200,"srcset":"https:\/\/i0.wp.com\/dmcc-series.com\/wp-content\/uploads\/2025\/02\/Layer-12.jpg?fit=1200%2C800&ssl=1&resize=350%2C200 1x, https:\/\/i0.wp.com\/dmcc-series.com\/wp-content\/uploads\/2025\/02\/Layer-12.jpg?fit=1200%2C800&ssl=1&resize=525%2C300 1.5x, https:\/\/i0.wp.com\/dmcc-series.com\/wp-content\/uploads\/2025\/02\/Layer-12.jpg?fit=1200%2C800&ssl=1&resize=700%2C400 2x, https:\/\/i0.wp.com\/dmcc-series.com\/wp-content\/uploads\/2025\/02\/Layer-12.jpg?fit=1200%2C800&ssl=1&resize=1050%2C600 3x"},"classes":[]}],"_links":{"self":[{"href":"https:\/\/dmcc-series.com\/en\/wp-json\/wp\/v2\/pages\/1021","targetHints":{"allow":["GET"]}}],"collection":[{"href":"https:\/\/dmcc-series.com\/en\/wp-json\/wp\/v2\/pages"}],"about":[{"href":"https:\/\/dmcc-series.com\/en\/wp-json\/wp\/v2\/types\/page"}],"author":[{"embeddable":true,"href":"https:\/\/dmcc-series.com\/en\/wp-json\/wp\/v2\/users\/233903676"}],"replies":[{"embeddable":true,"href":"https:\/\/dmcc-series.com\/en\/wp-json\/wp\/v2\/comments?post=1021"}],"version-history":[{"count":10,"href":"https:\/\/dmcc-series.com\/en\/wp-json\/wp\/v2\/pages\/1021\/revisions"}],"predecessor-version":[{"id":2763,"href":"https:\/\/dmcc-series.com\/en\/wp-json\/wp\/v2\/pages\/1021\/revisions\/2763"}],"wp:featuredmedia":[{"embeddable":true,"href":"https:\/\/dmcc-series.com\/en\/wp-json\/wp\/v2\/media\/2653"}],"wp:attachment":[{"href":"https:\/\/dmcc-series.com\/en\/wp-json\/wp\/v2\/media?parent=1021"}],"curies":[{"name":"wp","href":"https:\/\/api.w.org\/{rel}","templated":true}]}}